{"id":198,"date":"2023-08-06T05:59:12","date_gmt":"2023-08-06T08:59:12","guid":{"rendered":"https:\/\/cuchillerialloret.com\/?page_id=198"},"modified":"2023-08-06T06:08:11","modified_gmt":"2023-08-06T09:08:11","slug":"blog","status":"publish","type":"page","link":"https:\/\/cuchillerialloret.com\/index.php\/blog\/","title":{"rendered":"Blog"},"content":{"rendered":"\t\t<div data-elementor-type=\"wp-page\" data-elementor-id=\"198\" class=\"elementor elementor-198\" data-elementor-post-type=\"page\">\n\t\t\t\t\t\t<section class=\"elementor-section elementor-top-section elementor-element elementor-element-50b01b6 elementor-section-full_width elementor-section-height-min-height elementor-section-items-stretch elementor-section-content-bottom elementor-section-height-default\" data-id=\"50b01b6\" data-element_type=\"section\">\n\t\t\t\t\t\t<div class=\"elementor-container elementor-column-gap-no\">\n\t\t\t\t\t<div class=\"elementor-column elementor-col-50 elementor-top-column elementor-element elementor-element-f12b4e3\" data-id=\"f12b4e3\" data-element_type=\"column\" data-settings=\"{&quot;background_background&quot;:&quot;classic&quot;}\">\n\t\t\t<div class=\"elementor-widget-wrap elementor-element-populated\">\n\t\t\t\t\t\t<div class=\"elementor-element elementor-element-183a5384 elementor-widget elementor-widget-heading\" data-id=\"183a5384\" data-element_type=\"widget\" data-widget_type=\"heading.default\">\n\t\t\t\t<div class=\"elementor-widget-container\">\n\t\t\t\t\t<h1 class=\"elementor-heading-title elementor-size-default\">Nuestro Blog<\/h1>\t\t\t\t<\/div>\n\t\t\t\t<\/div>\n\t\t\t\t<div class=\"elementor-element elementor-element-7e2d26f elementor-widget elementor-widget-heading\" data-id=\"7e2d26f\" data-element_type=\"widget\" data-widget_type=\"heading.default\">\n\t\t\t\t<div class=\"elementor-widget-container\">\n\t\t\t\t\t<h6 class=\"elementor-heading-title elementor-size-default\">Afilando el ingenio<\/h6>\t\t\t\t<\/div>\n\t\t\t\t<\/div>\n\t\t\t\t\t<\/div>\n\t\t<\/div>\n\t\t\t\t<div class=\"elementor-column elementor-col-25 elementor-top-column elementor-element elementor-element-467c204d\" data-id=\"467c204d\" data-element_type=\"column\">\n\t\t\t<div class=\"elementor-widget-wrap elementor-element-populated\">\n\t\t\t\t\t\t<div class=\"elementor-element elementor-element-7698b937 elementor-widget elementor-widget-image\" data-id=\"7698b937\" data-element_type=\"widget\" data-widget_type=\"image.default\">\n\t\t\t\t<div class=\"elementor-widget-container\">\n\t\t\t\t\t\t\t\t\t\t\t\t\t\t\t<img fetchpriority=\"high\" decoding=\"async\" width=\"1200\" height=\"1448\" src=\"https:\/\/cuchillerialloret.com\/wp-content\/uploads\/2023\/08\/cuchilleria-lloret-de-mar.jpg\" class=\"attachment-full size-full wp-image-185\" alt=\"\" srcset=\"https:\/\/cuchillerialloret.com\/wp-content\/uploads\/2023\/08\/cuchilleria-lloret-de-mar.jpg 1200w, https:\/\/cuchillerialloret.com\/wp-content\/uploads\/2023\/08\/cuchilleria-lloret-de-mar-249x300.jpg 249w, https:\/\/cuchillerialloret.com\/wp-content\/uploads\/2023\/08\/cuchilleria-lloret-de-mar-849x1024.jpg 849w, https:\/\/cuchillerialloret.com\/wp-content\/uploads\/2023\/08\/cuchilleria-lloret-de-mar-768x927.jpg 768w\" sizes=\"(max-width: 1200px) 100vw, 1200px\" \/>\t\t\t\t\t\t\t\t\t\t\t\t\t\t\t<\/div>\n\t\t\t\t<\/div>\n\t\t\t\t\t<\/div>\n\t\t<\/div>\n\t\t\t\t<div class=\"elementor-column elementor-col-25 elementor-top-column elementor-element elementor-element-33cff9f\" data-id=\"33cff9f\" data-element_type=\"column\">\n\t\t\t<div class=\"elementor-widget-wrap elementor-element-populated\">\n\t\t\t\t\t\t<div class=\"elementor-element elementor-element-2c009a9c elementor-widget-mobile__width-initial animated-slow elementor-widget-tablet__width-initial elementor-invisible elementor-widget elementor-widget-spacer\" data-id=\"2c009a9c\" data-element_type=\"widget\" data-settings=\"{&quot;_animation&quot;:&quot;fadeInRight&quot;}\" data-widget_type=\"spacer.default\">\n\t\t\t\t<div class=\"elementor-widget-container\">\n\t\t\t\t\t\t\t<div class=\"elementor-spacer\">\n\t\t\t<div class=\"elementor-spacer-inner\"><\/div>\n\t\t<\/div>\n\t\t\t\t\t\t<\/div>\n\t\t\t\t<\/div>\n\t\t\t\t\t<\/div>\n\t\t<\/div>\n\t\t\t\t\t<\/div>\n\t\t<\/section>\n\t\t\t\t<section class=\"elementor-section elementor-top-section elementor-element elementor-element-72b348ce elementor-section-full_width elementor-section-height-default elementor-section-height-default\" data-id=\"72b348ce\" data-element_type=\"section\">\n\t\t\t\t\t\t<div class=\"elementor-container elementor-column-gap-no\">\n\t\t\t\t\t<div class=\"elementor-column elementor-col-100 elementor-top-column elementor-element elementor-element-351c7e2b\" data-id=\"351c7e2b\" data-element_type=\"column\">\n\t\t\t<div class=\"elementor-widget-wrap elementor-element-populated\">\n\t\t\t\t\t\t<div class=\"elementor-element elementor-element-71a1f6d4 elementor-grid-tablet-1 elementor-grid-3 elementor-grid-mobile-1 elementor-posts--thumbnail-top elementor-posts__hover-gradient elementor-widget elementor-widget-posts\" data-id=\"71a1f6d4\" data-element_type=\"widget\" data-settings=\"{&quot;cards_columns_tablet&quot;:&quot;1&quot;,&quot;cards_row_gap&quot;:{&quot;unit&quot;:&quot;px&quot;,&quot;size&quot;:&quot;70&quot;,&quot;sizes&quot;:[]},&quot;cards_columns&quot;:&quot;3&quot;,&quot;cards_columns_mobile&quot;:&quot;1&quot;,&quot;cards_row_gap_tablet&quot;:{&quot;unit&quot;:&quot;px&quot;,&quot;size&quot;:&quot;&quot;,&quot;sizes&quot;:[]},&quot;cards_row_gap_mobile&quot;:{&quot;unit&quot;:&quot;px&quot;,&quot;size&quot;:&quot;&quot;,&quot;sizes&quot;:[]}}\" data-widget_type=\"posts.cards\">\n\t\t\t\t<div class=\"elementor-widget-container\">\n\t\t\t\t\t\t\t<div class=\"elementor-posts-container elementor-posts elementor-posts--skin-cards elementor-grid\" role=\"list\">\n\t\t\t\t<article class=\"elementor-post elementor-grid-item post-4 post type-post status-publish format-standard hentry category-blog\" role=\"listitem\">\n\t\t\t<div class=\"elementor-post__card\">\n\t\t\t\t<div class=\"elementor-post__text\">\n\t\t\t\t<h4 class=\"elementor-post__title\">\n\t\t\t<a href=\"https:\/\/cuchillerialloret.com\/index.php\/2023\/08\/04\/descubre-los-secretos-para-mantener-tus-cuchillos-siempre-afilados\/\" >\n\t\t\t\tDescubre los secretos para mantener tus cuchillos siempre afilados\t\t\t<\/a>\n\t\t<\/h4>\n\t\t\t\t<div class=\"elementor-post__excerpt\">\n\t\t\t<p>Una afilada experiencia culinaria En Comercial Rosa sabemos que el afilado de cuchillos es fundamental para cualquier chef apasionado. Un cuchillo bien afilado es el<\/p>\n\t\t<\/div>\n\t\t\n\t\t<a class=\"elementor-post__read-more\" href=\"https:\/\/cuchillerialloret.com\/index.php\/2023\/08\/04\/descubre-los-secretos-para-mantener-tus-cuchillos-siempre-afilados\/\" aria-label=\"Read more about Descubre los secretos para mantener tus cuchillos siempre afilados\" tabindex=\"-1\" >\n\t\t\tRead More\t\t<\/a>\n\n\t\t\t\t<\/div>\n\t\t\t\t\t<\/div>\n\t\t<\/article>\n\t\t\t\t<article class=\"elementor-post elementor-grid-item post-5 post type-post status-publish format-standard hentry category-blog\" role=\"listitem\">\n\t\t\t<div class=\"elementor-post__card\">\n\t\t\t\t<div class=\"elementor-post__text\">\n\t\t\t\t<h4 class=\"elementor-post__title\">\n\t\t\t<a href=\"https:\/\/cuchillerialloret.com\/index.php\/2023\/08\/04\/afilando-el-camino-hacia-la-perfeccion-culinaria\/\" >\n\t\t\t\tAfilando el camino hacia la perfecci\u00f3n culinaria\t\t\t<\/a>\n\t\t<\/h4>\n\t\t\t\t<div class=\"elementor-post__excerpt\">\n\t\t\t<p>La importancia de un cuchillo bien afilado En el mundo de la gastronom\u00eda, la precisi\u00f3n es clave. Un cuchillo bien afilado es la herramienta m\u00e1s<\/p>\n\t\t<\/div>\n\t\t\n\t\t<a class=\"elementor-post__read-more\" href=\"https:\/\/cuchillerialloret.com\/index.php\/2023\/08\/04\/afilando-el-camino-hacia-la-perfeccion-culinaria\/\" aria-label=\"Read more about Afilando el camino hacia la perfecci\u00f3n culinaria\" tabindex=\"-1\" >\n\t\t\tRead More\t\t<\/a>\n\n\t\t\t\t<\/div>\n\t\t\t\t\t<\/div>\n\t\t<\/article>\n\t\t\t\t<article class=\"elementor-post elementor-grid-item post-6 post type-post status-publish format-standard hentry category-blog\" role=\"listitem\">\n\t\t\t<div class=\"elementor-post__card\">\n\t\t\t\t<div class=\"elementor-post__text\">\n\t\t\t\t<h4 class=\"elementor-post__title\">\n\t\t\t<a href=\"https:\/\/cuchillerialloret.com\/index.php\/2023\/08\/04\/descubre-los-secretos-de-los-cuchillos-profesionales-y-como-elegir-el-adecuado-para-ti\/\" >\n\t\t\t\tDescubre los secretos de los cuchillos profesionales y c\u00f3mo elegir el adecuado para ti\t\t\t<\/a>\n\t\t<\/h4>\n\t\t\t\t<div class=\"elementor-post__excerpt\">\n\t\t\t<p>\u00bfQu\u00e9 hace a un cuchillo profesional? Si eres un apasionado de la cocina, sabes que tener las herramientas adecuadas es esencial. Y uno de los<\/p>\n\t\t<\/div>\n\t\t\n\t\t<a class=\"elementor-post__read-more\" href=\"https:\/\/cuchillerialloret.com\/index.php\/2023\/08\/04\/descubre-los-secretos-de-los-cuchillos-profesionales-y-como-elegir-el-adecuado-para-ti\/\" aria-label=\"Read more about Descubre los secretos de los cuchillos profesionales y c\u00f3mo elegir el adecuado para ti\" tabindex=\"-1\" >\n\t\t\tRead More\t\t<\/a>\n\n\t\t\t\t<\/div>\n\t\t\t\t\t<\/div>\n\t\t<\/article>\n\t\t\t\t<article class=\"elementor-post elementor-grid-item post-7 post type-post status-publish format-standard hentry category-blog\" role=\"listitem\">\n\t\t\t<div class=\"elementor-post__card\">\n\t\t\t\t<div class=\"elementor-post__text\">\n\t\t\t\t<h4 class=\"elementor-post__title\">\n\t\t\t<a href=\"https:\/\/cuchillerialloret.com\/index.php\/2023\/08\/04\/descubre-los-secretos-para-afilar-tus-cuchillos-como-un-profesional\/\" >\n\t\t\t\tDescubre los secretos para afilar tus cuchillos como un profesional\t\t\t<\/a>\n\t\t<\/h4>\n\t\t\t\t<div class=\"elementor-post__excerpt\">\n\t\t\t<p>\u00bfQuieres que tus cuchillos corten como nuevos? En Comercial Rosa sabemos que un cuchillo afilado es la herramienta m\u00e1s importante en la cocina de cualquier<\/p>\n\t\t<\/div>\n\t\t\n\t\t<a class=\"elementor-post__read-more\" href=\"https:\/\/cuchillerialloret.com\/index.php\/2023\/08\/04\/descubre-los-secretos-para-afilar-tus-cuchillos-como-un-profesional\/\" aria-label=\"Read more about Descubre los secretos para afilar tus cuchillos como un profesional\" tabindex=\"-1\" >\n\t\t\tRead More\t\t<\/a>\n\n\t\t\t\t<\/div>\n\t\t\t\t\t<\/div>\n\t\t<\/article>\n\t\t\t\t<article class=\"elementor-post elementor-grid-item post-192 post type-post status-publish format-standard has-post-thumbnail hentry category-afilado category-afilado-de-cuchillos tag-3-claveles tag-afilado-de-cuchillos tag-cocina-profesional tag-consejos-de-afilado tag-cuchillos tag-cuidado-de-cuchillos tag-henckel tag-mantenimiento-de-cuchillos tag-marcas-de-cuchillos tag-utensilios-de-cocina\" role=\"listitem\">\n\t\t\t<div class=\"elementor-post__card\">\n\t\t\t\t<a class=\"elementor-post__thumbnail__link\" href=\"https:\/\/cuchillerialloret.com\/index.php\/2023\/08\/06\/los-fundamentos-del-afilado-y-cuidado-de-cuchillos-guia-para-cocina-profesional-y-domestica\/\" tabindex=\"-1\" ><div class=\"elementor-post__thumbnail\"><img decoding=\"async\" width=\"500\" height=\"500\" src=\"https:\/\/cuchillerialloret.com\/wp-content\/uploads\/2023\/08\/afilado-profesional.-de-cuchillos-1.jpg\" class=\"attachment-full size-full wp-image-155\" alt=\"\" srcset=\"https:\/\/cuchillerialloret.com\/wp-content\/uploads\/2023\/08\/afilado-profesional.-de-cuchillos-1.jpg 500w, https:\/\/cuchillerialloret.com\/wp-content\/uploads\/2023\/08\/afilado-profesional.-de-cuchillos-1-300x300.jpg 300w, https:\/\/cuchillerialloret.com\/wp-content\/uploads\/2023\/08\/afilado-profesional.-de-cuchillos-1-150x150.jpg 150w\" sizes=\"(max-width: 500px) 100vw, 500px\" \/><\/div><\/a>\n\t\t\t\t<div class=\"elementor-post__text\">\n\t\t\t\t<h4 class=\"elementor-post__title\">\n\t\t\t<a href=\"https:\/\/cuchillerialloret.com\/index.php\/2023\/08\/06\/los-fundamentos-del-afilado-y-cuidado-de-cuchillos-guia-para-cocina-profesional-y-domestica\/\" >\n\t\t\t\tLos Fundamentos del Afilado y Cuidado de Cuchillos: Gu\u00eda para Cocina Profesional y Dom\u00e9stica\t\t\t<\/a>\n\t\t<\/h4>\n\t\t\t\t<div class=\"elementor-post__excerpt\">\n\t\t\t<p>En el emocionante mundo de la cocina, los cuchillos son las herramientas esenciales que desempe\u00f1an un papel fundamental en la creaci\u00f3n de platos deliciosos. Tanto<\/p>\n\t\t<\/div>\n\t\t\n\t\t<a class=\"elementor-post__read-more\" href=\"https:\/\/cuchillerialloret.com\/index.php\/2023\/08\/06\/los-fundamentos-del-afilado-y-cuidado-de-cuchillos-guia-para-cocina-profesional-y-domestica\/\" aria-label=\"Read more about Los Fundamentos del Afilado y Cuidado de Cuchillos: Gu\u00eda para Cocina Profesional y Dom\u00e9stica\" tabindex=\"-1\" >\n\t\t\tRead More\t\t<\/a>\n\n\t\t\t\t<\/div>\n\t\t\t\t\t<\/div>\n\t\t<\/article>\n\t\t\t\t<article class=\"elementor-post elementor-grid-item post-209 post type-post status-publish format-standard has-post-thumbnail hentry category-afilado category-afilado-de-cuchillos tag-afilado-de-cuchillos tag-cocina-profesional tag-consejos-de-afilado tag-cuchillos tag-cuidado-de-cuchillos tag-mantenimiento-de-cuchillos tag-marcas-de-cuchillos tag-utensilios-de-cocina\" role=\"listitem\">\n\t\t\t<div class=\"elementor-post__card\">\n\t\t\t\t<a class=\"elementor-post__thumbnail__link\" href=\"https:\/\/cuchillerialloret.com\/index.php\/2023\/08\/06\/cuidado-y-mantenimiento-de-cuchillos-consejos-para-preservar-su-excelencia\/\" tabindex=\"-1\" ><div class=\"elementor-post__thumbnail\"><img decoding=\"async\" width=\"490\" height=\"380\" src=\"https:\/\/cuchillerialloret.com\/wp-content\/uploads\/2023\/08\/qw2.jpg\" class=\"attachment-full size-full wp-image-53\" alt=\"\" srcset=\"https:\/\/cuchillerialloret.com\/wp-content\/uploads\/2023\/08\/qw2.jpg 490w, https:\/\/cuchillerialloret.com\/wp-content\/uploads\/2023\/08\/qw2-300x233.jpg 300w\" sizes=\"(max-width: 490px) 100vw, 490px\" \/><\/div><\/a>\n\t\t\t\t<div class=\"elementor-post__text\">\n\t\t\t\t<h4 class=\"elementor-post__title\">\n\t\t\t<a href=\"https:\/\/cuchillerialloret.com\/index.php\/2023\/08\/06\/cuidado-y-mantenimiento-de-cuchillos-consejos-para-preservar-su-excelencia\/\" >\n\t\t\t\tCuidado y Mantenimiento de Cuchillos: Consejos para Preservar su Excelencia\t\t\t<\/a>\n\t\t<\/h4>\n\t\t\t\t<div class=\"elementor-post__excerpt\">\n\t\t\t<p>Los cuchillos son herramientas esenciales en cualquier cocina, ya sea para un cocinero profesional o un aficionado. Para garantizar un rendimiento \u00f3ptimo y una vida<\/p>\n\t\t<\/div>\n\t\t\n\t\t<a class=\"elementor-post__read-more\" href=\"https:\/\/cuchillerialloret.com\/index.php\/2023\/08\/06\/cuidado-y-mantenimiento-de-cuchillos-consejos-para-preservar-su-excelencia\/\" aria-label=\"Read more about Cuidado y Mantenimiento de Cuchillos: Consejos para Preservar su Excelencia\" tabindex=\"-1\" >\n\t\t\tRead More\t\t<\/a>\n\n\t\t\t\t<\/div>\n\t\t\t\t\t<\/div>\n\t\t<\/article>\n\t\t\t\t<article class=\"elementor-post elementor-grid-item post-211 post type-post status-publish format-standard hentry category-afilado-de-cuchillos tag-cuchillos tag-mantenimiento-de-cuchillos tag-marcas-de-cuchillos tag-utensilios-de-cocina\" role=\"listitem\">\n\t\t\t<div class=\"elementor-post__card\">\n\t\t\t\t<div class=\"elementor-post__text\">\n\t\t\t\t<h4 class=\"elementor-post__title\">\n\t\t\t<a href=\"https:\/\/cuchillerialloret.com\/index.php\/2023\/08\/06\/mantenimiento-y-cuidado-de-cuchillos-de-cocina-consejos-de-expertos\/\" >\n\t\t\t\tMantenimiento y Cuidado de Cuchillos de Cocina: Consejos de Expertos\t\t\t<\/a>\n\t\t<\/h4>\n\t\t\t\t<div class=\"elementor-post__excerpt\">\n\t\t\t<p>Introducci\u00f3n: Los cuchillos de cocina son herramientas esenciales para cualquier cocinero, ya sea profesional o aficionado. Mantener tus cuchillos en \u00f3ptimas condiciones no solo prolongar\u00e1<\/p>\n\t\t<\/div>\n\t\t\n\t\t<a class=\"elementor-post__read-more\" href=\"https:\/\/cuchillerialloret.com\/index.php\/2023\/08\/06\/mantenimiento-y-cuidado-de-cuchillos-de-cocina-consejos-de-expertos\/\" aria-label=\"Read more about Mantenimiento y Cuidado de Cuchillos de Cocina: Consejos de Expertos\" tabindex=\"-1\" >\n\t\t\tRead More\t\t<\/a>\n\n\t\t\t\t<\/div>\n\t\t\t\t\t<\/div>\n\t\t<\/article>\n\t\t\t\t<article class=\"elementor-post elementor-grid-item post-213 post type-post status-publish format-standard has-post-thumbnail hentry category-utensilios-de-cocina tag-cocina-profesional\" role=\"listitem\">\n\t\t\t<div class=\"elementor-post__card\">\n\t\t\t\t<a class=\"elementor-post__thumbnail__link\" href=\"https:\/\/cuchillerialloret.com\/index.php\/2023\/08\/06\/utensilios-de-cocina-herramientas-esenciales-para-el-chef-profesional-y-el-aficionado-culinario\/\" tabindex=\"-1\" ><div class=\"elementor-post__thumbnail\"><img loading=\"lazy\" decoding=\"async\" width=\"850\" height=\"850\" src=\"https:\/\/cuchillerialloret.com\/wp-content\/uploads\/2023\/08\/corta-mariscos-forjado-muelle-y-anclaje.jpg.webp\" class=\"attachment-full size-full wp-image-153\" alt=\"\" srcset=\"https:\/\/cuchillerialloret.com\/wp-content\/uploads\/2023\/08\/corta-mariscos-forjado-muelle-y-anclaje.jpg.webp 850w, https:\/\/cuchillerialloret.com\/wp-content\/uploads\/2023\/08\/corta-mariscos-forjado-muelle-y-anclaje.jpg-300x300.webp 300w, https:\/\/cuchillerialloret.com\/wp-content\/uploads\/2023\/08\/corta-mariscos-forjado-muelle-y-anclaje.jpg-150x150.webp 150w, https:\/\/cuchillerialloret.com\/wp-content\/uploads\/2023\/08\/corta-mariscos-forjado-muelle-y-anclaje.jpg-768x768.webp 768w\" sizes=\"(max-width: 850px) 100vw, 850px\" \/><\/div><\/a>\n\t\t\t\t<div class=\"elementor-post__text\">\n\t\t\t\t<h4 class=\"elementor-post__title\">\n\t\t\t<a href=\"https:\/\/cuchillerialloret.com\/index.php\/2023\/08\/06\/utensilios-de-cocina-herramientas-esenciales-para-el-chef-profesional-y-el-aficionado-culinario\/\" >\n\t\t\t\t&#8220;Utensilios de Cocina: Herramientas Esenciales para el Chef Profesional y el Aficionado Culinario&#8221;\t\t\t<\/a>\n\t\t<\/h4>\n\t\t\t\t<div class=\"elementor-post__excerpt\">\n\t\t\t<p>En el apasionante mundo de la cocina, los utensilios son los aliados fundamentales que todo chef, tanto profesional como aficionado, necesita para crear deliciosos platillos.<\/p>\n\t\t<\/div>\n\t\t\n\t\t<a class=\"elementor-post__read-more\" href=\"https:\/\/cuchillerialloret.com\/index.php\/2023\/08\/06\/utensilios-de-cocina-herramientas-esenciales-para-el-chef-profesional-y-el-aficionado-culinario\/\" aria-label=\"Read more about &#8220;Utensilios de Cocina: Herramientas Esenciales para el Chef Profesional y el Aficionado Culinario&#8221;\" tabindex=\"-1\" >\n\t\t\tRead More\t\t<\/a>\n\n\t\t\t\t<\/div>\n\t\t\t\t\t<\/div>\n\t\t<\/article>\n\t\t\t\t<\/div>\n\t\t\n\t\t\t\t\t\t<\/div>\n\t\t\t\t<\/div>\n\t\t\t\t\t<\/div>\n\t\t<\/div>\n\t\t\t\t\t<\/div>\n\t\t<\/section>\n\t\t\t\t<\/div>\n\t\t","protected":false},"excerpt":{"rendered":"<p>Nuestro Blog Afilando el ingenio<\/p>\n","protected":false},"author":1,"featured_media":65,"parent":0,"menu_order":0,"comment_status":"closed","ping_status":"closed","template":"elementor_header_footer","meta":{"footnotes":""},"class_list":["post-198","page","type-page","status-publish","has-post-thumbnail","hentry"],"aioseo_notices":[],"_links":{"self":[{"href":"https:\/\/cuchillerialloret.com\/index.php\/wp-json\/wp\/v2\/pages\/198","targetHints":{"allow":["GET"]}}],"collection":[{"href":"https:\/\/cuchillerialloret.com\/index.php\/wp-json\/wp\/v2\/pages"}],"about":[{"href":"https:\/\/cuchillerialloret.com\/index.php\/wp-json\/wp\/v2\/types\/page"}],"author":[{"embeddable":true,"href":"https:\/\/cuchillerialloret.com\/index.php\/wp-json\/wp\/v2\/users\/1"}],"replies":[{"embeddable":true,"href":"https:\/\/cuchillerialloret.com\/index.php\/wp-json\/wp\/v2\/comments?post=198"}],"version-history":[{"count":7,"href":"https:\/\/cuchillerialloret.com\/index.php\/wp-json\/wp\/v2\/pages\/198\/revisions"}],"predecessor-version":[{"id":208,"href":"https:\/\/cuchillerialloret.com\/index.php\/wp-json\/wp\/v2\/pages\/198\/revisions\/208"}],"wp:featuredmedia":[{"embeddable":true,"href":"https:\/\/cuchillerialloret.com\/index.php\/wp-json\/wp\/v2\/media\/65"}],"wp:attachment":[{"href":"https:\/\/cuchillerialloret.com\/index.php\/wp-json\/wp\/v2\/media?parent=198"}],"curies":[{"name":"wp","href":"https:\/\/api.w.org\/{rel}","templated":true}]}}