{"id":150,"date":"2023-08-04T11:31:06","date_gmt":"2023-08-04T14:31:06","guid":{"rendered":"https:\/\/cuchillerialloret.com\/?page_id=150"},"modified":"2023-08-04T11:38:56","modified_gmt":"2023-08-04T14:38:56","slug":"utensilios-para-cocina-profesionales","status":"publish","type":"page","link":"https:\/\/cuchillerialloret.com\/index.php\/utensilios-para-cocina-profesionales\/","title":{"rendered":"Utensilios para cocina profesionales"},"content":{"rendered":"\t\t<div data-elementor-type=\"wp-page\" data-elementor-id=\"150\" class=\"elementor elementor-150\" data-elementor-post-type=\"page\">\n\t\t\t\t\t\t<section class=\"elementor-section elementor-top-section elementor-element elementor-element-421a48e elementor-section-content-middle elementor-section-boxed elementor-section-height-default elementor-section-height-default\" data-id=\"421a48e\" data-element_type=\"section\" data-settings=\"{&quot;background_background&quot;:&quot;classic&quot;}\">\n\t\t\t\t\t\t<div class=\"elementor-container elementor-column-gap-no\">\n\t\t\t\t\t<div class=\"elementor-column elementor-col-33 elementor-top-column elementor-element elementor-element-9580bd6\" data-id=\"9580bd6\" data-element_type=\"column\">\n\t\t\t<div class=\"elementor-widget-wrap elementor-element-populated\">\n\t\t\t\t\t\t<div class=\"elementor-element elementor-element-c68240e elementor-widget elementor-widget-text-editor\" data-id=\"c68240e\" data-element_type=\"widget\" data-widget_type=\"text-editor.default\">\n\t\t\t\t<div class=\"elementor-widget-container\">\n\t\t\t\t\t\t\t\t\t<p>Utensilios para profesionales de la cocina<\/p>\t\t\t\t\t\t\t\t<\/div>\n\t\t\t\t<\/div>\n\t\t\t\t<div class=\"elementor-element elementor-element-17bad2c elementor-widget elementor-widget-heading\" data-id=\"17bad2c\" data-element_type=\"widget\" data-widget_type=\"heading.default\">\n\t\t\t\t<div class=\"elementor-widget-container\">\n\t\t\t\t\t<h3 class=\"elementor-heading-title elementor-size-default\">Calidad y Durabilidad<\/h3>\t\t\t\t<\/div>\n\t\t\t\t<\/div>\n\t\t\t\t<div class=\"elementor-element elementor-element-2afd831 elementor-widget-divider--view-line elementor-widget elementor-widget-divider\" data-id=\"2afd831\" data-element_type=\"widget\" data-widget_type=\"divider.default\">\n\t\t\t\t<div class=\"elementor-widget-container\">\n\t\t\t\t\t\t\t<div class=\"elementor-divider\">\n\t\t\t<span class=\"elementor-divider-separator\">\n\t\t\t\t\t\t<\/span>\n\t\t<\/div>\n\t\t\t\t\t\t<\/div>\n\t\t\t\t<\/div>\n\t\t\t\t\t<\/div>\n\t\t<\/div>\n\t\t\t\t<div class=\"elementor-column elementor-col-33 elementor-top-column elementor-element elementor-element-39ddd25\" data-id=\"39ddd25\" data-element_type=\"column\">\n\t\t\t<div class=\"elementor-widget-wrap elementor-element-populated\">\n\t\t\t\t\t\t<div class=\"elementor-element elementor-element-b136f9f elementor-widget elementor-widget-image\" data-id=\"b136f9f\" data-element_type=\"widget\" data-widget_type=\"image.default\">\n\t\t\t\t<div class=\"elementor-widget-container\">\n\t\t\t\t\t\t\t\t\t\t\t\t\t\t\t<img fetchpriority=\"high\" decoding=\"async\" width=\"529\" height=\"529\" src=\"https:\/\/cuchillerialloret.com\/wp-content\/uploads\/2023\/08\/Kuechenhelfer_Hero_Banner_2100x700px.webp\" class=\"elementor-animation-grow attachment-full size-full wp-image-156\" alt=\"\" srcset=\"https:\/\/cuchillerialloret.com\/wp-content\/uploads\/2023\/08\/Kuechenhelfer_Hero_Banner_2100x700px.webp 529w, https:\/\/cuchillerialloret.com\/wp-content\/uploads\/2023\/08\/Kuechenhelfer_Hero_Banner_2100x700px-300x300.webp 300w, https:\/\/cuchillerialloret.com\/wp-content\/uploads\/2023\/08\/Kuechenhelfer_Hero_Banner_2100x700px-150x150.webp 150w\" sizes=\"(max-width: 529px) 100vw, 529px\" \/>\t\t\t\t\t\t\t\t\t\t\t\t\t\t\t<\/div>\n\t\t\t\t<\/div>\n\t\t\t\t<div class=\"elementor-element elementor-element-ea9f2ce elementor-widget elementor-widget-text-editor\" data-id=\"ea9f2ce\" data-element_type=\"widget\" data-widget_type=\"text-editor.default\">\n\t\t\t\t<div class=\"elementor-widget-container\">\n\t\t\t\t\t\t\t\t\t<h3>ZWILLING J.A. HENCKELS<\/h3><p>Descubre la tradici\u00f3n y la innovaci\u00f3n en cada corte. Los cuchillos ZWILLING J.A. HENCKELS son el resultado de siglos de experiencia en la creaci\u00f3n de cuchillos de la m\u00e1s alta calidad. Desde cuchillos de chef vers\u00e1tiles hasta cuchillos especializados, ZWILLING J.A. HENCKELS ofrece una gama completa de herramientas para perfeccionar tus habilidades en la cocina.<\/p>\t\t\t\t\t\t\t\t<\/div>\n\t\t\t\t<\/div>\n\t\t\t\t\t<\/div>\n\t\t<\/div>\n\t\t\t\t<div class=\"elementor-column elementor-col-33 elementor-top-column elementor-element elementor-element-27c5038\" data-id=\"27c5038\" data-element_type=\"column\">\n\t\t\t<div class=\"elementor-widget-wrap elementor-element-populated\">\n\t\t\t\t\t\t<div class=\"elementor-element elementor-element-0276312 elementor-widget elementor-widget-text-editor\" data-id=\"0276312\" data-element_type=\"widget\" data-widget_type=\"text-editor.default\">\n\t\t\t\t<div class=\"elementor-widget-container\">\n\t\t\t\t\t\t\t\t\t<h3><strong>3 Claveles<\/strong><\/h3><p>Dise\u00f1adas para manipular alimentos con precisi\u00f3n, nuestras esp\u00e1tulas 3 Claveles son resistentes y ergon\u00f3micas. Desde voltear tortillas hasta deslizar pasteles reci\u00e9n horneados, estas esp\u00e1tulas son imprescindibles en cualquier cocina.<\/p>\t\t\t\t\t\t\t\t<\/div>\n\t\t\t\t<\/div>\n\t\t\t\t<div class=\"elementor-element elementor-element-bf270e6 elementor-widget elementor-widget-image\" data-id=\"bf270e6\" data-element_type=\"widget\" data-widget_type=\"image.default\">\n\t\t\t\t<div class=\"elementor-widget-container\">\n\t\t\t\t\t\t\t\t\t\t\t\t\t\t\t<img decoding=\"async\" width=\"850\" height=\"850\" src=\"https:\/\/cuchillerialloret.com\/wp-content\/uploads\/2023\/08\/corta-mariscos-forjado-muelle-y-anclaje.jpg.webp\" class=\"elementor-animation-grow attachment-full size-full wp-image-153\" alt=\"\" srcset=\"https:\/\/cuchillerialloret.com\/wp-content\/uploads\/2023\/08\/corta-mariscos-forjado-muelle-y-anclaje.jpg.webp 850w, https:\/\/cuchillerialloret.com\/wp-content\/uploads\/2023\/08\/corta-mariscos-forjado-muelle-y-anclaje.jpg-300x300.webp 300w, https:\/\/cuchillerialloret.com\/wp-content\/uploads\/2023\/08\/corta-mariscos-forjado-muelle-y-anclaje.jpg-150x150.webp 150w, https:\/\/cuchillerialloret.com\/wp-content\/uploads\/2023\/08\/corta-mariscos-forjado-muelle-y-anclaje.jpg-768x768.webp 768w\" sizes=\"(max-width: 850px) 100vw, 850px\" \/>\t\t\t\t\t\t\t\t\t\t\t\t\t\t\t<\/div>\n\t\t\t\t<\/div>\n\t\t\t\t\t<\/div>\n\t\t<\/div>\n\t\t\t\t\t<\/div>\n\t\t<\/section>\n\t\t\t\t<section class=\"elementor-section elementor-top-section elementor-element elementor-element-44319cf elementor-section-full_width elementor-section-height-default elementor-section-height-default\" data-id=\"44319cf\" data-element_type=\"section\">\n\t\t\t\t\t\t<div class=\"elementor-container elementor-column-gap-no\">\n\t\t\t\t\t<div class=\"elementor-column elementor-col-100 elementor-top-column elementor-element elementor-element-3771aa5\" data-id=\"3771aa5\" data-element_type=\"column\">\n\t\t\t<div class=\"elementor-widget-wrap elementor-element-populated\">\n\t\t\t\t\t\t<div class=\"elementor-element elementor-element-d44b4d6 elementor-widget elementor-widget-heading\" data-id=\"d44b4d6\" data-element_type=\"widget\" data-widget_type=\"heading.default\">\n\t\t\t\t<div class=\"elementor-widget-container\">\n\t\t\t\t\t<h3 class=\"elementor-heading-title elementor-size-default\">Marcas de Prestigio en tu Cocina<\/h3>\t\t\t\t<\/div>\n\t\t\t\t<\/div>\n\t\t\t\t<div class=\"elementor-element elementor-element-8d8b068 elementor-widget elementor-widget-text-editor\" data-id=\"8d8b068\" data-element_type=\"widget\" data-widget_type=\"text-editor.default\">\n\t\t\t\t<div class=\"elementor-widget-container\">\n\t\t\t\t\t\t\t\t\t<p><strong>Nuestro Compromiso con la Excelencia<\/strong><\/p><p>En Comercial Rosa, estamos comprometidos con proporcionarte cuchillos profesionales que reflejen tus aspiraciones culinarias. Ya seas un chef profesional o un entusiasta de la cocina, nuestras marcas destacadas, ZWILLING J.A. HENCKELS y 3 Claveles, est\u00e1n aqu\u00ed para elevar tu experiencia culinaria. Nuestro equipo experto est\u00e1 listo para brindarte asesoramiento personalizado mientras exploras nuestra colecci\u00f3n.<\/p>\t\t\t\t\t\t\t\t<\/div>\n\t\t\t\t<\/div>\n\t\t\t\t\t<\/div>\n\t\t<\/div>\n\t\t\t\t\t<\/div>\n\t\t<\/section>\n\t\t\t\t<section class=\"elementor-section elementor-top-section elementor-element elementor-element-4832ae9 elementor-section-content-middle elementor-section-boxed elementor-section-height-default elementor-section-height-default\" data-id=\"4832ae9\" data-element_type=\"section\">\n\t\t\t\t\t\t<div class=\"elementor-container elementor-column-gap-default\">\n\t\t\t\t\t<div class=\"elementor-column elementor-col-50 elementor-top-column elementor-element elementor-element-296d836\" data-id=\"296d836\" data-element_type=\"column\">\n\t\t\t<div class=\"elementor-widget-wrap elementor-element-populated\">\n\t\t\t\t\t\t<div class=\"elementor-element elementor-element-1495174 elementor-widget elementor-widget-image\" data-id=\"1495174\" data-element_type=\"widget\" data-widget_type=\"image.default\">\n\t\t\t\t<div class=\"elementor-widget-container\">\n\t\t\t\t\t\t\t\t\t\t\t\t\t\t\t<img decoding=\"async\" width=\"100\" height=\"100\" src=\"https:\/\/cuchillerialloret.com\/wp-content\/uploads\/2023\/08\/pdp-quote-module-brand-copy-logo-zwilling-100-100.webp\" class=\"attachment-large size-large wp-image-59\" alt=\"\" \/>\t\t\t\t\t\t\t\t\t\t\t\t\t\t\t<\/div>\n\t\t\t\t<\/div>\n\t\t\t\t<div class=\"elementor-element elementor-element-5b5ab01 elementor-widget elementor-widget-text-editor\" data-id=\"5b5ab01\" data-element_type=\"widget\" data-widget_type=\"text-editor.default\">\n\t\t\t\t<div class=\"elementor-widget-container\">\n\t\t\t\t\t\t\t\t\t<h3><strong>ZWILLING J.A. HENCKELS<\/strong><\/h3><h4><strong>Tradici\u00f3n y Tecnolog\u00eda en Armon\u00eda<\/strong><\/h4><p>Experimenta la rica herencia de la marca ZWILLING J.A. HENCKELS, donde la tradici\u00f3n se encuentra con la tecnolog\u00eda de vanguardia. Cada cuchillo es una obra de arte cuidadosamente forjada que combina siglos de experiencia con los \u00faltimos avances en dise\u00f1o y producci\u00f3n. La excelencia en el corte, el equilibrio en la mano y la durabilidad excepcional son el sello distintivo de ZWILLING J.A. HENCKELS.<\/p>\t\t\t\t\t\t\t\t<\/div>\n\t\t\t\t<\/div>\n\t\t\t\t\t<\/div>\n\t\t<\/div>\n\t\t\t\t<div class=\"elementor-column elementor-col-50 elementor-top-column elementor-element elementor-element-00286a6\" data-id=\"00286a6\" data-element_type=\"column\">\n\t\t\t<div class=\"elementor-widget-wrap elementor-element-populated\">\n\t\t\t\t\t\t<div class=\"elementor-element elementor-element-a62da2c elementor-widget elementor-widget-image\" data-id=\"a62da2c\" data-element_type=\"widget\" data-widget_type=\"image.default\">\n\t\t\t\t<div class=\"elementor-widget-container\">\n\t\t\t\t\t\t\t\t\t\t\t\t\t\t\t<img loading=\"lazy\" decoding=\"async\" width=\"260\" height=\"60\" src=\"https:\/\/cuchillerialloret.com\/wp-content\/uploads\/2023\/08\/3claveles-logo-1628754507.jpg.webp\" class=\"attachment-large size-large wp-image-60\" alt=\"\" \/>\t\t\t\t\t\t\t\t\t\t\t\t\t\t\t<\/div>\n\t\t\t\t<\/div>\n\t\t\t\t<div class=\"elementor-element elementor-element-5e37a66 elementor-widget elementor-widget-text-editor\" data-id=\"5e37a66\" data-element_type=\"widget\" data-widget_type=\"text-editor.default\">\n\t\t\t\t<div class=\"elementor-widget-container\">\n\t\t\t\t\t\t\t\t\t<h3><strong>3 Claveles<\/strong><\/h3><h4><strong>Pasi\u00f3n por la Precisi\u00f3n y la Innovaci\u00f3n<\/strong><\/h4><p>En el coraz\u00f3n de cada cuchillo 3 Claveles late una pasi\u00f3n por la precisi\u00f3n y la innovaci\u00f3n. Estos cuchillos representan la fusi\u00f3n perfecta entre la artesan\u00eda tradicional y la ingenier\u00eda moderna. Con un dise\u00f1o ergon\u00f3mico que se adapta a la mano de cada chef y una hoja afilada que enfrenta cualquier desaf\u00edo culinario, 3 Claveles te ofrece una experiencia de corte sin igual.<\/p>\t\t\t\t\t\t\t\t<\/div>\n\t\t\t\t<\/div>\n\t\t\t\t\t<\/div>\n\t\t<\/div>\n\t\t\t\t\t<\/div>\n\t\t<\/section>\n\t\t\t\t<section class=\"elementor-section elementor-top-section elementor-element elementor-element-e793eb6 elementor-section-height-min-height elementor-section-items-stretch elementor-section-boxed elementor-section-height-default\" data-id=\"e793eb6\" data-element_type=\"section\" data-settings=\"{&quot;background_background&quot;:&quot;classic&quot;}\">\n\t\t\t\t\t\t\t<div class=\"elementor-background-overlay\"><\/div>\n\t\t\t\t\t\t\t<div class=\"elementor-container elementor-column-gap-no\">\n\t\t\t\t\t<div class=\"elementor-column elementor-col-100 elementor-top-column elementor-element elementor-element-f1a5bcd\" data-id=\"f1a5bcd\" data-element_type=\"column\">\n\t\t\t<div class=\"elementor-widget-wrap elementor-element-populated\">\n\t\t\t\t\t\t<div class=\"elementor-element elementor-element-5bd6a99 elementor-widget elementor-widget-heading\" data-id=\"5bd6a99\" data-element_type=\"widget\" data-widget_type=\"heading.default\">\n\t\t\t\t<div class=\"elementor-widget-container\">\n\t\t\t\t\t<h2 class=\"elementor-heading-title elementor-size-default\">Nuestro Compromiso<\/h2>\t\t\t\t<\/div>\n\t\t\t\t<\/div>\n\t\t\t\t<div class=\"elementor-element elementor-element-3ee9c25 elementor-widget elementor-widget-text-editor\" data-id=\"3ee9c25\" data-element_type=\"widget\" data-widget_type=\"text-editor.default\">\n\t\t\t\t<div class=\"elementor-widget-container\">\n\t\t\t\t\t\t\t\t\t<p>En <strong>Comercial Rosa<\/strong>, no solo te ofrecemos productos excepcionales, sino tambi\u00e9n el conocimiento y la asistencia que necesitas para tomar decisiones informadas. Nuestro equipo est\u00e1 aqu\u00ed para ayudarte a elegir los cuchillos profesionales que mejor se adapten a tus necesidades y estilo de cocina. Valoramos tu pasi\u00f3n por la culinaria y estamos aqu\u00ed para apoyarte en cada paso del camino.<\/p>\t\t\t\t\t\t\t\t<\/div>\n\t\t\t\t<\/div>\n\t\t\t\t<div class=\"elementor-element elementor-element-9863406 elementor-mobile-align-center elementor-widget elementor-widget-button\" data-id=\"9863406\" data-element_type=\"widget\" data-widget_type=\"button.default\">\n\t\t\t\t<div class=\"elementor-widget-container\">\n\t\t\t\t\t\t\t\t\t<div class=\"elementor-button-wrapper\">\n\t\t\t\t\t<a class=\"elementor-button elementor-button-link elementor-size-sm\" href=\"tel:972368107\">\n\t\t\t\t\t\t<span class=\"elementor-button-content-wrapper\">\n\t\t\t\t\t\t\t\t\t<span class=\"elementor-button-text\">LLAMAR<\/span>\n\t\t\t\t\t<\/span>\n\t\t\t\t\t<\/a>\n\t\t\t\t<\/div>\n\t\t\t\t\t\t\t\t<\/div>\n\t\t\t\t<\/div>\n\t\t\t\t\t<\/div>\n\t\t<\/div>\n\t\t\t\t\t<\/div>\n\t\t<\/section>\n\t\t\t\t<section class=\"elementor-section elementor-top-section elementor-element elementor-element-47b2a88 elementor-section-boxed elementor-section-height-default elementor-section-height-default\" data-id=\"47b2a88\" data-element_type=\"section\">\n\t\t\t\t\t\t<div class=\"elementor-container elementor-column-gap-default\">\n\t\t\t\t\t<div class=\"elementor-column elementor-col-100 elementor-top-column elementor-element elementor-element-d16ef2b\" data-id=\"d16ef2b\" data-element_type=\"column\">\n\t\t\t<div class=\"elementor-widget-wrap elementor-element-populated\">\n\t\t\t\t\t\t<div class=\"elementor-element elementor-element-c007d29 elementor-widget elementor-widget-heading\" data-id=\"c007d29\" data-element_type=\"widget\" data-widget_type=\"heading.default\">\n\t\t\t\t<div class=\"elementor-widget-container\">\n\t\t\t\t\t<h4 class=\"elementor-heading-title elementor-size-default\">Vis\u00edtanos en Lloret de Mar |  Costa Brava |\u00a0Girona<\/h4>\t\t\t\t<\/div>\n\t\t\t\t<\/div>\n\t\t\t\t\t<\/div>\n\t\t<\/div>\n\t\t\t\t\t<\/div>\n\t\t<\/section>\n\t\t\t\t<section class=\"elementor-section elementor-top-section elementor-element elementor-element-b996d0a elementor-section-boxed elementor-section-height-default elementor-section-height-default\" data-id=\"b996d0a\" data-element_type=\"section\">\n\t\t\t\t\t\t<div class=\"elementor-container elementor-column-gap-default\">\n\t\t\t\t\t<div class=\"elementor-column elementor-col-100 elementor-top-column elementor-element elementor-element-9ff42fd\" data-id=\"9ff42fd\" data-element_type=\"column\">\n\t\t\t<div class=\"elementor-widget-wrap elementor-element-populated\">\n\t\t\t\t\t\t<div class=\"elementor-element elementor-element-fd65f69 elementor-widget elementor-widget-text-editor\" data-id=\"fd65f69\" data-element_type=\"widget\" data-widget_type=\"text-editor.default\">\n\t\t\t\t<div class=\"elementor-widget-container\">\n\t\t\t\t\t\t\t\t\t<p>Como vendedores oficiales en Lloret de Mar y la Costa Brava, te invitamos a visitar nuestra tienda y experimentar la calidad de nuestros cuchillos profesionales de primera mano. Nuestro personal experto estar\u00e1 encantado de brindarte orientaci\u00f3n y recomendaciones personalizadas para que encuentres los cuchillos perfectos para tu cocina.<\/p>\t\t\t\t\t\t\t\t<\/div>\n\t\t\t\t<\/div>\n\t\t\t\t\t<\/div>\n\t\t<\/div>\n\t\t\t\t\t<\/div>\n\t\t<\/section>\n\t\t\t\t<\/div>\n\t\t","protected":false},"excerpt":{"rendered":"<p>Utensilios para profesionales de la cocina Calidad y Durabilidad ZWILLING J.A. HENCKELS Descubre la tradici\u00f3n y la innovaci\u00f3n en cada corte. Los cuchillos ZWILLING J.A. HENCKELS son el resultado de siglos de experiencia en la creaci\u00f3n de cuchillos de la m\u00e1s alta calidad. Desde cuchillos de chef vers\u00e1tiles hasta cuchillos especializados, ZWILLING J.A. HENCKELS ofrece [&hellip;]<\/p>\n","protected":false},"author":1,"featured_media":52,"parent":0,"menu_order":0,"comment_status":"closed","ping_status":"closed","template":"elementor_header_footer","meta":{"footnotes":""},"class_list":["post-150","page","type-page","status-publish","has-post-thumbnail","hentry"],"aioseo_notices":[],"_links":{"self":[{"href":"https:\/\/cuchillerialloret.com\/index.php\/wp-json\/wp\/v2\/pages\/150","targetHints":{"allow":["GET"]}}],"collection":[{"href":"https:\/\/cuchillerialloret.com\/index.php\/wp-json\/wp\/v2\/pages"}],"about":[{"href":"https:\/\/cuchillerialloret.com\/index.php\/wp-json\/wp\/v2\/types\/page"}],"author":[{"embeddable":true,"href":"https:\/\/cuchillerialloret.com\/index.php\/wp-json\/wp\/v2\/users\/1"}],"replies":[{"embeddable":true,"href":"https:\/\/cuchillerialloret.com\/index.php\/wp-json\/wp\/v2\/comments?post=150"}],"version-history":[{"count":4,"href":"https:\/\/cuchillerialloret.com\/index.php\/wp-json\/wp\/v2\/pages\/150\/revisions"}],"predecessor-version":[{"id":159,"href":"https:\/\/cuchillerialloret.com\/index.php\/wp-json\/wp\/v2\/pages\/150\/revisions\/159"}],"wp:featuredmedia":[{"embeddable":true,"href":"https:\/\/cuchillerialloret.com\/index.php\/wp-json\/wp\/v2\/media\/52"}],"wp:attachment":[{"href":"https:\/\/cuchillerialloret.com\/index.php\/wp-json\/wp\/v2\/media?parent=150"}],"curies":[{"name":"wp","href":"https:\/\/api.w.org\/{rel}","templated":true}]}}