{"id":117,"date":"2023-08-04T08:46:37","date_gmt":"2023-08-04T11:46:37","guid":{"rendered":"https:\/\/cuchillerialloret.com\/?page_id=117"},"modified":"2023-08-04T11:40:33","modified_gmt":"2023-08-04T14:40:33","slug":"afilado-de-tijeras","status":"publish","type":"page","link":"https:\/\/cuchillerialloret.com\/index.php\/afilado-de-tijeras\/","title":{"rendered":"Afilado de Tijeras Profesional"},"content":{"rendered":"\t\t<div data-elementor-type=\"wp-page\" data-elementor-id=\"117\" class=\"elementor elementor-117\" data-elementor-post-type=\"page\">\n\t\t\t\t\t\t<section class=\"elementor-section elementor-top-section elementor-element elementor-element-ebe483e elementor-section-height-min-height elementor-section-content-middle elementor-section-boxed elementor-section-height-default elementor-section-items-middle\" data-id=\"ebe483e\" data-element_type=\"section\" data-settings=\"{&quot;background_background&quot;:&quot;classic&quot;}\">\n\t\t\t\t\t\t\t<div class=\"elementor-background-overlay\"><\/div>\n\t\t\t\t\t\t\t<div class=\"elementor-container elementor-column-gap-default\">\n\t\t\t\t\t<div class=\"elementor-column elementor-col-100 elementor-top-column elementor-element elementor-element-30f0ab7\" data-id=\"30f0ab7\" data-element_type=\"column\">\n\t\t\t<div class=\"elementor-widget-wrap elementor-element-populated\">\n\t\t\t\t\t\t<div class=\"elementor-element elementor-element-d033c27 elementor-widget elementor-widget-heading\" data-id=\"d033c27\" data-element_type=\"widget\" data-widget_type=\"heading.default\">\n\t\t\t\t<div class=\"elementor-widget-container\">\n\t\t\t\t\t<h1 class=\"elementor-heading-title elementor-size-default\">Afilado <\/h1>\t\t\t\t<\/div>\n\t\t\t\t<\/div>\n\t\t\t\t<div class=\"elementor-element elementor-element-267ab8e elementor-widget elementor-widget-heading\" data-id=\"267ab8e\" data-element_type=\"widget\" data-widget_type=\"heading.default\">\n\t\t\t\t<div class=\"elementor-widget-container\">\n\t\t\t\t\t<h2 class=\"elementor-heading-title elementor-size-default\">Afilado de Tijeras Profesional <\/h2>\t\t\t\t<\/div>\n\t\t\t\t<\/div>\n\t\t\t\t<div class=\"elementor-element elementor-element-8ecf420 elementor-widget elementor-widget-text-editor\" data-id=\"8ecf420\" data-element_type=\"widget\" data-widget_type=\"text-editor.default\">\n\t\t\t\t<div class=\"elementor-widget-container\">\n\t\t\t\t\t\t\t\t\t<p>Nuestro equipo de expertos utiliza t\u00e9cnicas avanzadas y herramientas precisas para asegurarse de que tus tijeras est\u00e9n listas para enfrentar cualquier tarea con precisi\u00f3n y facilidad.<\/p>\t\t\t\t\t\t\t\t<\/div>\n\t\t\t\t<\/div>\n\t\t\t\t\t<\/div>\n\t\t<\/div>\n\t\t\t\t\t<\/div>\n\t\t<\/section>\n\t\t\t\t<section class=\"elementor-section elementor-top-section elementor-element elementor-element-a817d74 elementor-section-full_width elementor-section-height-default elementor-section-height-default\" data-id=\"a817d74\" data-element_type=\"section\">\n\t\t\t\t\t\t<div class=\"elementor-container elementor-column-gap-default\">\n\t\t\t\t\t<div class=\"elementor-column elementor-col-50 elementor-top-column elementor-element elementor-element-d037fc1\" data-id=\"d037fc1\" data-element_type=\"column\">\n\t\t\t<div class=\"elementor-widget-wrap elementor-element-populated\">\n\t\t\t\t\t\t<div class=\"elementor-element elementor-element-4a04aa9 elementor-widget elementor-widget-text-editor\" data-id=\"4a04aa9\" data-element_type=\"widget\" data-widget_type=\"text-editor.default\">\n\t\t\t\t<div class=\"elementor-widget-container\">\n\t\t\t\t\t\t\t\t\t<p>Bienvenido a nuestro servicio de afilado de tijeras profesionales. En Comerciala rosa, nos enorgullece ofrecer un afilado especializado que restaura la agudeza y el rendimiento de tus tijeras favoritas.<\/p><p>\u00bfTus tijeras ya no cortan como sol\u00edan hacerlo? Nuestro servicio de afilado de tijeras puede revivir la funcionalidad de tus herramientas de corte. Los beneficios de nuestro afilado de tijeras incluyen:<\/p><ul><li><p><strong>Restauraci\u00f3n de la agudeza original.<\/strong><\/p><\/li><li><strong>Mejora del corte y la precisi\u00f3n.<\/strong><\/li><li><strong>Mayor durabilidad de tus tijeras.<\/strong><\/li><li><strong>Reducci\u00f3n del esfuerzo al cortar.<\/strong><\/li><li><strong>Resultados consistentes y profesionales.<\/strong><\/li><\/ul>\t\t\t\t\t\t\t\t<\/div>\n\t\t\t\t<\/div>\n\t\t\t\t\t<\/div>\n\t\t<\/div>\n\t\t\t\t<div class=\"elementor-column elementor-col-50 elementor-top-column elementor-element elementor-element-845e7c3\" data-id=\"845e7c3\" data-element_type=\"column\" data-settings=\"{&quot;background_background&quot;:&quot;classic&quot;}\">\n\t\t\t<div class=\"elementor-widget-wrap elementor-element-populated\">\n\t\t\t\t\t\t<div class=\"elementor-element elementor-element-9203300 elementor-widget elementor-widget-image\" data-id=\"9203300\" data-element_type=\"widget\" data-widget_type=\"image.default\">\n\t\t\t\t<div class=\"elementor-widget-container\">\n\t\t\t\t\t\t\t\t\t\t\t\t\t\t\t<img fetchpriority=\"high\" decoding=\"async\" width=\"790\" height=\"490\" src=\"https:\/\/cuchillerialloret.com\/wp-content\/uploads\/2023\/08\/1007_afilado-de-tijera-filo-de-navaja-acero-japones.jpg\" class=\"attachment-large size-large wp-image-118\" alt=\"Afilado de tijeras\" srcset=\"https:\/\/cuchillerialloret.com\/wp-content\/uploads\/2023\/08\/1007_afilado-de-tijera-filo-de-navaja-acero-japones.jpg 790w, https:\/\/cuchillerialloret.com\/wp-content\/uploads\/2023\/08\/1007_afilado-de-tijera-filo-de-navaja-acero-japones-300x186.jpg 300w, https:\/\/cuchillerialloret.com\/wp-content\/uploads\/2023\/08\/1007_afilado-de-tijera-filo-de-navaja-acero-japones-768x476.jpg 768w\" sizes=\"(max-width: 790px) 100vw, 790px\" \/>\t\t\t\t\t\t\t\t\t\t\t\t\t\t\t<\/div>\n\t\t\t\t<\/div>\n\t\t\t\t\t<\/div>\n\t\t<\/div>\n\t\t\t\t\t<\/div>\n\t\t<\/section>\n\t\t\t\t<section class=\"elementor-section elementor-top-section elementor-element elementor-element-02c395a elementor-section-boxed elementor-section-height-default elementor-section-height-default\" data-id=\"02c395a\" data-element_type=\"section\">\n\t\t\t\t\t\t<div class=\"elementor-container elementor-column-gap-default\">\n\t\t\t\t\t<div class=\"elementor-column elementor-col-100 elementor-top-column elementor-element elementor-element-7114d2b\" data-id=\"7114d2b\" data-element_type=\"column\">\n\t\t\t<div class=\"elementor-widget-wrap elementor-element-populated\">\n\t\t\t\t\t\t<div class=\"elementor-element elementor-element-b9af564 elementor-widget elementor-widget-heading\" data-id=\"b9af564\" data-element_type=\"widget\" data-widget_type=\"heading.default\">\n\t\t\t\t<div class=\"elementor-widget-container\">\n\t\t\t\t\t<h2 class=\"elementor-heading-title elementor-size-default\">Beneficios del Afilado Profesional<\/h2>\t\t\t\t<\/div>\n\t\t\t\t<\/div>\n\t\t\t\t<div class=\"elementor-element elementor-element-a2caf0c elementor-widget elementor-widget-text-editor\" data-id=\"a2caf0c\" data-element_type=\"widget\" data-widget_type=\"text-editor.default\">\n\t\t\t\t<div class=\"elementor-widget-container\">\n\t\t\t\t\t\t\t\t\t<p>Nuestro afilado profesional no solo restaura la nitidez original de tus cuchillos, sino que tambi\u00e9n brinda una serie de beneficios adicionales. Experimenta cortes m\u00e1s limpios y precisos, reduce el esfuerzo al cortar y mejora la seguridad en la cocina. Un cuchillo bien afilado no solo hace que la preparaci\u00f3n de alimentos sea m\u00e1s eficiente, sino que tambi\u00e9n eleva tu experiencia culinaria a un nivel completamente nuevo. Optar por nuestro servicio de afilado de discos profesional ofrece una serie de beneficios que mejorar\u00e1n tu experiencia en la cocina:<\/p>\t\t\t\t\t\t\t\t<\/div>\n\t\t\t\t<\/div>\n\t\t\t\t\t<\/div>\n\t\t<\/div>\n\t\t\t\t\t<\/div>\n\t\t<\/section>\n\t\t\t\t<section class=\"elementor-section elementor-top-section elementor-element elementor-element-c570242 elementor-section-boxed elementor-section-height-default elementor-section-height-default\" data-id=\"c570242\" data-element_type=\"section\">\n\t\t\t\t\t\t<div class=\"elementor-container elementor-column-gap-default\">\n\t\t\t\t\t<div class=\"elementor-column elementor-col-25 elementor-top-column elementor-element elementor-element-28bd5ad\" data-id=\"28bd5ad\" data-element_type=\"column\">\n\t\t\t<div class=\"elementor-widget-wrap elementor-element-populated\">\n\t\t\t\t\t\t<div class=\"elementor-element elementor-element-e2f8c38 elementor-widget elementor-widget-text-editor\" data-id=\"e2f8c38\" data-element_type=\"widget\" data-widget_type=\"text-editor.default\">\n\t\t\t\t<div class=\"elementor-widget-container\">\n\t\t\t\t\t\t\t\t\t<p><strong>Inspecci\u00f3n Inicial<\/strong><\/p><p>Evaluamos el estado de tus tijeras para determinar el nivel de desgaste y el tipo de afilado que necesitan.<\/p>\t\t\t\t\t\t\t\t<\/div>\n\t\t\t\t<\/div>\n\t\t\t\t\t<\/div>\n\t\t<\/div>\n\t\t\t\t<div class=\"elementor-column elementor-col-25 elementor-top-column elementor-element elementor-element-43ef342\" data-id=\"43ef342\" data-element_type=\"column\">\n\t\t\t<div class=\"elementor-widget-wrap elementor-element-populated\">\n\t\t\t\t\t\t<div class=\"elementor-element elementor-element-7d56357 elementor-widget elementor-widget-text-editor\" data-id=\"7d56357\" data-element_type=\"widget\" data-widget_type=\"text-editor.default\">\n\t\t\t\t<div class=\"elementor-widget-container\">\n\t\t\t\t\t\t\t\t\t<p><strong>Afilado Preciso<\/strong><\/p><p>Utilizamos t\u00e9cnicas de afilado precisas y herramientas de alta calidad para devolver el filo original a tus tijeras.<\/p>\t\t\t\t\t\t\t\t<\/div>\n\t\t\t\t<\/div>\n\t\t\t\t\t<\/div>\n\t\t<\/div>\n\t\t\t\t<div class=\"elementor-column elementor-col-25 elementor-top-column elementor-element elementor-element-d04c010\" data-id=\"d04c010\" data-element_type=\"column\">\n\t\t\t<div class=\"elementor-widget-wrap elementor-element-populated\">\n\t\t\t\t\t\t<div class=\"elementor-element elementor-element-f44ee1d elementor-widget elementor-widget-text-editor\" data-id=\"f44ee1d\" data-element_type=\"widget\" data-widget_type=\"text-editor.default\">\n\t\t\t\t<div class=\"elementor-widget-container\">\n\t\t\t\t\t\t\t\t\t<p><strong>Ajuste y Equilibrio<\/strong><\/p><p>Adem\u00e1s de afilar las hojas, ajustamos y equilibramos las tijeras para un rendimiento \u00f3ptimo.<\/p>\t\t\t\t\t\t\t\t<\/div>\n\t\t\t\t<\/div>\n\t\t\t\t\t<\/div>\n\t\t<\/div>\n\t\t\t\t<div class=\"elementor-column elementor-col-25 elementor-top-column elementor-element elementor-element-44e7082\" data-id=\"44e7082\" data-element_type=\"column\">\n\t\t\t<div class=\"elementor-widget-wrap elementor-element-populated\">\n\t\t\t\t\t\t<div class=\"elementor-element elementor-element-0a89101 elementor-widget elementor-widget-text-editor\" data-id=\"0a89101\" data-element_type=\"widget\" data-widget_type=\"text-editor.default\">\n\t\t\t\t<div class=\"elementor-widget-container\">\n\t\t\t\t\t\t\t\t\t<p><strong>Prueba de Corte<\/strong><\/p><p>Probamos las tijeras afiladas para asegurarnos de que el corte sea suave y eficiente.<\/p>\t\t\t\t\t\t\t\t<\/div>\n\t\t\t\t<\/div>\n\t\t\t\t\t<\/div>\n\t\t<\/div>\n\t\t\t\t\t<\/div>\n\t\t<\/section>\n\t\t\t\t<section class=\"elementor-section elementor-top-section elementor-element elementor-element-07b8afb elementor-section-content-middle elementor-section-boxed elementor-section-height-default elementor-section-height-default\" data-id=\"07b8afb\" data-element_type=\"section\" data-settings=\"{&quot;background_background&quot;:&quot;classic&quot;}\">\n\t\t\t\t\t\t<div class=\"elementor-container elementor-column-gap-default\">\n\t\t\t\t\t<div class=\"elementor-column elementor-col-50 elementor-top-column elementor-element elementor-element-1d066de\" data-id=\"1d066de\" data-element_type=\"column\">\n\t\t\t<div class=\"elementor-widget-wrap elementor-element-populated\">\n\t\t\t\t\t\t<div class=\"elementor-element elementor-element-f03ea44 elementor-widget elementor-widget-image\" data-id=\"f03ea44\" data-element_type=\"widget\" data-widget_type=\"image.default\">\n\t\t\t\t<div class=\"elementor-widget-container\">\n\t\t\t\t\t\t\t\t\t\t\t\t\t\t\t<img decoding=\"async\" width=\"500\" height=\"500\" src=\"https:\/\/cuchillerialloret.com\/wp-content\/uploads\/2023\/08\/afilado-profesional.-de-cuchillos.jpg\" class=\"attachment-large size-large wp-image-76\" alt=\"Afilado profesional de cuchillos\" srcset=\"https:\/\/cuchillerialloret.com\/wp-content\/uploads\/2023\/08\/afilado-profesional.-de-cuchillos.jpg 500w, https:\/\/cuchillerialloret.com\/wp-content\/uploads\/2023\/08\/afilado-profesional.-de-cuchillos-300x300.jpg 300w, https:\/\/cuchillerialloret.com\/wp-content\/uploads\/2023\/08\/afilado-profesional.-de-cuchillos-150x150.jpg 150w\" sizes=\"(max-width: 500px) 100vw, 500px\" \/>\t\t\t\t\t\t\t\t\t\t\t\t\t\t\t<\/div>\n\t\t\t\t<\/div>\n\t\t\t\t\t<\/div>\n\t\t<\/div>\n\t\t\t\t<div class=\"elementor-column elementor-col-50 elementor-top-column elementor-element elementor-element-50a9ab3\" data-id=\"50a9ab3\" data-element_type=\"column\">\n\t\t\t<div class=\"elementor-widget-wrap elementor-element-populated\">\n\t\t\t\t\t\t<div class=\"elementor-element elementor-element-7e4269f elementor-widget elementor-widget-text-editor\" data-id=\"7e4269f\" data-element_type=\"widget\" data-widget_type=\"text-editor.default\">\n\t\t\t\t<div class=\"elementor-widget-container\">\n\t\t\t\t\t\t\t\t\t<h4><strong>Restaura la Agudeza de tus Tijeras<\/strong><\/h4><p>Si est\u00e1s buscando devolver la vida a tus tijeras desafiladas, nuestro servicio de afilado de tijeras es la soluci\u00f3n que necesitas. Conf\u00eda en la experiencia de Cuchiller\u00eda Lloret para mantener tus tijeras en \u00f3ptimas condiciones de corte. Cont\u00e1ctanos hoy mismo para obtener m\u00e1s informaci\u00f3n sobre nuestro servicio de afilado de tijeras profesionales.<\/p>\t\t\t\t\t\t\t\t<\/div>\n\t\t\t\t<\/div>\n\t\t\t\t\t<\/div>\n\t\t<\/div>\n\t\t\t\t\t<\/div>\n\t\t<\/section>\n\t\t\t\t<section class=\"elementor-section elementor-top-section elementor-element elementor-element-bd63ef8 elementor-section-boxed elementor-section-height-default elementor-section-height-default\" data-id=\"bd63ef8\" data-element_type=\"section\">\n\t\t\t\t\t\t<div class=\"elementor-container elementor-column-gap-default\">\n\t\t\t\t\t<div class=\"elementor-column elementor-col-50 elementor-top-column elementor-element elementor-element-5aa837c\" data-id=\"5aa837c\" data-element_type=\"column\">\n\t\t\t<div class=\"elementor-widget-wrap elementor-element-populated\">\n\t\t\t\t\t\t<div class=\"elementor-element elementor-element-29c2926 elementor-widget elementor-widget-heading\" data-id=\"29c2926\" data-element_type=\"widget\" data-widget_type=\"heading.default\">\n\t\t\t\t<div class=\"elementor-widget-container\">\n\t\t\t\t\t<h2 class=\"elementor-heading-title elementor-size-default\">Contacta con Nosotros para Afilado<\/h2>\t\t\t\t<\/div>\n\t\t\t\t<\/div>\n\t\t\t\t<div class=\"elementor-element elementor-element-a445ac4 elementor-widget elementor-widget-text-editor\" data-id=\"a445ac4\" data-element_type=\"widget\" data-widget_type=\"text-editor.default\">\n\t\t\t\t<div class=\"elementor-widget-container\">\n\t\t\t\t\t\t\t\t\t<p>Si est\u00e1s listo para experimentar la diferencia que un afilado profesional puede hacer en tus cuchillos, no dudes en ponerte en contacto con nosotros. Nuestro equipo est\u00e1 listo para responder a tus preguntas, discutir tus necesidades espec\u00edficas y ayudarte en todo el proceso. Recuerda, en Cuchiller\u00eda Lloret, nuestra pasi\u00f3n es brindarte cuchillos afilados que mejoren tu arte culinario.<\/p>\t\t\t\t\t\t\t\t<\/div>\n\t\t\t\t<\/div>\n\t\t\t\t<div class=\"elementor-element elementor-element-06fbfa9 elementor-widget elementor-widget-button\" data-id=\"06fbfa9\" data-element_type=\"widget\" data-widget_type=\"button.default\">\n\t\t\t\t<div class=\"elementor-widget-container\">\n\t\t\t\t\t\t\t\t\t<div class=\"elementor-button-wrapper\">\n\t\t\t\t\t<a class=\"elementor-button elementor-button-link elementor-size-sm\" href=\"tel:972368107\">\n\t\t\t\t\t\t<span class=\"elementor-button-content-wrapper\">\n\t\t\t\t\t\t<span class=\"elementor-button-icon\">\n\t\t\t\t<i aria-hidden=\"true\" class=\"fas fa-phone-alt\"><\/i>\t\t\t<\/span>\n\t\t\t\t\t\t\t\t\t<span class=\"elementor-button-text\">LLAMAR<\/span>\n\t\t\t\t\t<\/span>\n\t\t\t\t\t<\/a>\n\t\t\t\t<\/div>\n\t\t\t\t\t\t\t\t<\/div>\n\t\t\t\t<\/div>\n\t\t\t\t\t<\/div>\n\t\t<\/div>\n\t\t\t\t<div class=\"elementor-column elementor-col-50 elementor-top-column elementor-element elementor-element-35a84c9\" data-id=\"35a84c9\" data-element_type=\"column\">\n\t\t\t<div class=\"elementor-widget-wrap elementor-element-populated\">\n\t\t\t\t\t\t<div class=\"elementor-element elementor-element-7bed503 elementor-widget elementor-widget-image\" data-id=\"7bed503\" data-element_type=\"widget\" data-widget_type=\"image.default\">\n\t\t\t\t<div class=\"elementor-widget-container\">\n\t\t\t\t\t\t\t\t\t\t\t\t\t\t\t<img decoding=\"async\" width=\"800\" height=\"565\" src=\"https:\/\/cuchillerialloret.com\/wp-content\/uploads\/2023\/08\/un-afilador-callejero-trabajando-en-buenos-aires-argentina-hacia-1870_54809229_800x565.jpg\" class=\"attachment-large size-large wp-image-77\" alt=\"\" srcset=\"https:\/\/cuchillerialloret.com\/wp-content\/uploads\/2023\/08\/un-afilador-callejero-trabajando-en-buenos-aires-argentina-hacia-1870_54809229_800x565.jpg 800w, https:\/\/cuchillerialloret.com\/wp-content\/uploads\/2023\/08\/un-afilador-callejero-trabajando-en-buenos-aires-argentina-hacia-1870_54809229_800x565-300x212.jpg 300w, https:\/\/cuchillerialloret.com\/wp-content\/uploads\/2023\/08\/un-afilador-callejero-trabajando-en-buenos-aires-argentina-hacia-1870_54809229_800x565-768x542.jpg 768w\" sizes=\"(max-width: 800px) 100vw, 800px\" \/>\t\t\t\t\t\t\t\t\t\t\t\t\t\t\t<\/div>\n\t\t\t\t<\/div>\n\t\t\t\t\t<\/div>\n\t\t<\/div>\n\t\t\t\t\t<\/div>\n\t\t<\/section>\n\t\t\t\t<\/div>\n\t\t","protected":false},"excerpt":{"rendered":"<p>Afilado Afilado de Tijeras Profesional Nuestro equipo de expertos utiliza t\u00e9cnicas avanzadas y herramientas precisas para asegurarse de que tus tijeras est\u00e9n listas para enfrentar cualquier tarea con precisi\u00f3n y facilidad. Bienvenido a nuestro servicio de afilado de tijeras profesionales. En Comerciala rosa, nos enorgullece ofrecer un afilado especializado que restaura la agudeza y el [&hellip;]<\/p>\n","protected":false},"author":1,"featured_media":118,"parent":0,"menu_order":0,"comment_status":"closed","ping_status":"closed","template":"elementor_header_footer","meta":{"footnotes":""},"class_list":["post-117","page","type-page","status-publish","has-post-thumbnail","hentry"],"aioseo_notices":[],"_links":{"self":[{"href":"https:\/\/cuchillerialloret.com\/index.php\/wp-json\/wp\/v2\/pages\/117","targetHints":{"allow":["GET"]}}],"collection":[{"href":"https:\/\/cuchillerialloret.com\/index.php\/wp-json\/wp\/v2\/pages"}],"about":[{"href":"https:\/\/cuchillerialloret.com\/index.php\/wp-json\/wp\/v2\/types\/page"}],"author":[{"embeddable":true,"href":"https:\/\/cuchillerialloret.com\/index.php\/wp-json\/wp\/v2\/users\/1"}],"replies":[{"embeddable":true,"href":"https:\/\/cuchillerialloret.com\/index.php\/wp-json\/wp\/v2\/comments?post=117"}],"version-history":[{"count":11,"href":"https:\/\/cuchillerialloret.com\/index.php\/wp-json\/wp\/v2\/pages\/117\/revisions"}],"predecessor-version":[{"id":166,"href":"https:\/\/cuchillerialloret.com\/index.php\/wp-json\/wp\/v2\/pages\/117\/revisions\/166"}],"wp:featuredmedia":[{"embeddable":true,"href":"https:\/\/cuchillerialloret.com\/index.php\/wp-json\/wp\/v2\/media\/118"}],"wp:attachment":[{"href":"https:\/\/cuchillerialloret.com\/index.php\/wp-json\/wp\/v2\/media?parent=117"}],"curies":[{"name":"wp","href":"https:\/\/api.w.org\/{rel}","templated":true}]}}